{"id":2394,"date":"2024-02-16T20:36:45","date_gmt":"2024-02-16T20:36:45","guid":{"rendered":"https:\/\/hncpromotion.com\/?page_id=2394"},"modified":"2024-03-24T23:28:36","modified_gmt":"2024-03-24T23:28:36","slug":"a-propos","status":"publish","type":"page","link":"https:\/\/hncpromotion.com\/ar\/a-propos\/","title":{"rendered":"\u0639\u0646 \u0634\u0631\u0643\u062a\u0646\u0627"},"content":{"rendered":"<div class=\"wpb-content-wrapper\"><div data-vc-full-width=\"true\" data-vc-full-width-init=\"false\" data-vc-stretch-content=\"true\" class=\"vc_row wpb_row vc_row-fluid vc_row-no-padding un-row-full-width\"><div class=\"container-fluid\"><div class=\"row\"><div class=\"wpb_column vc_column_container vc_col-sm-12\"><div class=\"vc_column-inner\"><div class=\"wpb_wrapper\"><div class=\"vc_empty_space\"   style=\"height: 50px\"><span class=\"vc_empty_space_inner\"><\/span><\/div><div class=\"vc_empty_space\"   style=\"height: 50px\"><span class=\"vc_empty_space_inner\"><\/span><\/div><div class=\"vc_empty_space\"   style=\"height: 50px\"><span class=\"vc_empty_space_inner\"><\/span><\/div><div class=\"vc_empty_space\"   style=\"height: 50px\"><span class=\"vc_empty_space_inner\"><\/span><\/div><\/div><\/div><\/div><\/div><\/div><\/div><div class=\"vc_row-full-width vc_clearfix\"><\/div><div class=\"vc_row wpb_row vc_row-fluid vc_custom_1707913137722 vc_row-has-fill\"><div class=\"container\"><div class=\"row\"><div class=\"three wpb_column vc_column_container vc_col-sm-6\"><div class=\"vc_column-inner\"><div class=\"wpb_wrapper\"><h1 style=\"text-align: left\" class=\"vc_custom_heading vc_custom_1707864586903\" >\u0639\u0646 \u0634\u0631\u0643\u062a\u0646\u0627<\/h1><div class=\"vc_empty_space\"   style=\"height: 15px\"><span class=\"vc_empty_space_inner\"><\/span><\/div>\n\t<div class=\"wpb_text_column wpb_content_element  vc_custom_1710976154166 p-accueil\" >\n\t\t<div class=\"wpb_wrapper\">\n\t\t\t<p class=\" translation-block\"><em><strong>HNC PROMOTION IMMOBILI\u00c8RE <\/strong><\/em>\u0647\u064a \u0634\u0631\u0643\u0629 \u062c\u0632\u0627\u0626\u0631\u064a\u0629 \u0628\u0645\u0648\u062c\u0628 \u0642\u0627\u0646\u0648\u0646 <strong>s.a.rl<\/strong><\/p>\n<p>\u0645\u0646\u0630 \u062a\u0623\u0633\u064a\u0633\u0647\u0627\u060c \u062a\u0644\u062a\u0632\u0645 \u0634\u0631\u0643\u062a\u0646\u0627 \u0628\u062a\u062d\u0648\u064a\u0644 \u0623\u062d\u0644\u0627\u0645 \u0639\u0645\u0644\u0627\u0626\u0646\u0627 \u0625\u0644\u0649 \u0648\u0627\u0642\u0639 \u0645\u0644\u0645\u0648\u0633.<\/p>\n<p class=\" translation-block\">\u0628\u0641\u0636\u0644 \u0627\u0644\u062e\u0628\u0631\u0629 \u0627\u0644\u0642\u0648\u064a\u0629 \u0648\u0627\u0644\u0627\u0644\u062a\u0632\u0627\u0645 \u0627\u0644\u062b\u0627\u0628\u062a <strong>\u0628\u0627\u0644\u062c\u0648\u062f\u0629<\/strong>\u060c \u0646\u062d\u0646 \u0645\u0635\u0645\u0645\u0648\u0646 \u0639\u0644\u0649 \u062a\u0642\u062f\u064a\u0645 \u062d\u0644\u0648\u0644 \u0639\u0642\u0627\u0631\u064a\u0629 \u0645\u0628\u062a\u0643\u0631\u0629 \u062a\u062a\u0643\u064a\u0641 \u0645\u0639 \u0627\u062d\u062a\u064a\u0627\u062c\u0627\u062a \u0627\u0644\u062c\u0645\u064a\u0639. \u0633\u0648\u0627\u0621 \u0644\u0644\u0645\u0633\u0627\u0643\u0646 \u0627\u0644\u062d\u062f\u064a\u062b\u0629 \u0623\u0648 \u0627\u0644\u0645\u0633\u0627\u062d\u0627\u062a \u0627\u0644\u062a\u062c\u0627\u0631\u064a\u0629 \u0627\u0644\u062f\u064a\u0646\u0627\u0645\u064a\u0643\u064a\u0629 \u0623\u0648 \u0627\u0644\u0645\u0634\u0627\u0631\u064a\u0639 \u0627\u0644\u0645\u062c\u062a\u0645\u0639\u064a\u0629 \u0627\u0644\u0645\u0644\u0647\u0645\u0629\u060c<\/p>\n<p>\u064a\u0639\u0645\u0644 \u0641\u0631\u064a\u0642\u0646\u0627 \u0627\u0644\u0645\u062a\u0641\u0627\u0646\u064a \u0628\u0634\u063a\u0641 \u0644\u062e\u0644\u0642 \u0628\u064a\u0626\u0627\u062a \u0645\u0639\u064a\u0634\u064a\u0629 \u0627\u0633\u062a\u062b\u0646\u0627\u0626\u064a\u0629. \u062b\u0642 \u0628\u062e\u0628\u0631\u062a\u0646\u0627 \u0648\u0646\u0632\u0627\u0647\u062a\u0646\u0627 \u0644\u062a\u062d\u0642\u064a\u0642 \u0645\u0634\u0627\u0631\u064a\u0639\u0643 \u0627\u0644\u0639\u0642\u0627\u0631\u064a\u0629 \u0628\u0646\u062c\u0627\u062d.<\/p>\n\n\t\t<\/div>\n\t<\/div>\n<\/div><\/div><\/div><div class=\"wpb_column vc_column_container vc_col-sm-6\"><div class=\"vc_column-inner\"><div class=\"wpb_wrapper\"><div class=\"ba-image-box\"><div class=\"service-thumbnail\"><a href=\"https:\/\/hncpromotion.com\/ar\/portfolio\/residence-positano-1\/\"><img decoding=\"async\" class=\"\" src=\"https:\/\/hncpromotion.com\/wp-content\/uploads\/2024\/02\/hnc-promotion-immobilere-residence-positano-algerie-6-570x631.jpg\" width=\"570\" height=\"631\" alt=\"hnc-promotion-immobilere-residence-positano-algerie (6)\" title=\"hnc-promotion-immobilere-residence-positano-algerie (6)\" loading=\"lazy\" \/><\/a><\/div><div class=\"service-summary\"><span class=\"subtitle\">HNC PROMOTION IMMOBILI\u00c8RE<\/span><h3><a href=\"https:\/\/hncpromotion.com\/ar\/portfolio\/residence-positano-1\/\" title=\"Projects\">\u0645\u0646 \u0646\u062d\u0646 \u061f<\/a><\/h3><\/div><\/div><\/div><\/div><\/div><\/div><\/div><\/div><div data-vc-full-width=\"true\" data-vc-full-width-init=\"false\" data-vc-stretch-content=\"true\" class=\"vc_row wpb_row vc_row-fluid vc_row-no-padding un-row-full-width\"><div class=\"container-fluid\"><div class=\"row\"><div class=\"wpb_column vc_column_container vc_col-sm-12\"><div class=\"vc_column-inner\"><div class=\"wpb_wrapper\"><div class=\"vc_empty_space\"   style=\"height: 50px\"><span class=\"vc_empty_space_inner\"><\/span><\/div><div class=\"vc_empty_space\"   style=\"height: 50px\"><span class=\"vc_empty_space_inner\"><\/span><\/div><\/div><\/div><\/div><\/div><\/div><\/div><div class=\"vc_row-full-width vc_clearfix\"><\/div><div class=\"vc_row wpb_row vc_row-fluid\"><div class=\"container\"><div class=\"row\"><div class=\"five wpb_column vc_column_container vc_col-sm-12\"><div class=\"vc_column-inner\"><div class=\"wpb_wrapper\"><div class=\"ba-empty-space\" style=\"\"><div class=\"ba_empty_space_lg\"  style=\"height: 85px\"><\/div><div class=\"ba_empty_space_md\"  style=\"height: 70px\"><\/div><div class=\"ba_empty_space_xs\"  style=\"height: 80px\"><\/div><\/div><h1 style=\"text-align: center\" class=\"vc_custom_heading vc_custom_1708044478340\" >\u0644\u0645\u0627\u0630\u0627 \u0623\u062e\u062a\u0631\u062a\u0646\u0627 \u061f<\/h1><div class=\"ba-empty-space\" style=\"\"><div class=\"ba_empty_space_lg\"  style=\"height: 23px\"><\/div><div class=\"ba_empty_space_md\"  style=\"height: 23px\"><\/div><div class=\"ba_empty_space_xs\"  style=\"height: 23px\"><\/div><\/div><div class=\"ba-empty-space\" style=\"\"><div class=\"ba_empty_space_lg\"  style=\"height: 23px\"><\/div><div class=\"ba_empty_space_md\"  style=\"height: 23px\"><\/div><div class=\"ba_empty_space_xs\"  style=\"height: 23px\"><\/div><\/div><\/div><\/div><\/div><\/div><\/div><\/div><section id=\"approach\" data-vc-full-width=\"true\" data-vc-full-width-init=\"false\" class=\"vc_section\"><div class=\"vc_row wpb_row vc_row-fluid\"><div class=\"container\"><div class=\"row\"><div class=\"wpb_column vc_column_container vc_col-sm-6 vc_col-lg-4 vc_col-md-4 vc_col-xs-12\"><div class=\"vc_column-inner\"><div class=\"wpb_wrapper\"><h1 style=\"line-height: 1;text-align: left\" class=\"vc_custom_heading primary-color vc_custom_1708041176829\" >01.<\/h1><h2 style=\"font-size: 36px;line-height: 1;text-align: left\" class=\"vc_custom_heading vc_custom_1707917419919\" >\u062a\u0633\u0639\u064a\u0631\u0629 \u0645\u062c\u0627\u0646\u064a\u0629<\/h2><div class=\"ba-empty-space\" style=\"\"><div class=\"ba_empty_space_lg\"  style=\"height: 23px\"><\/div><div class=\"ba_empty_space_md\"  style=\"height: 23px\"><\/div><div class=\"ba_empty_space_xs\"  style=\"height: 23px\"><\/div><\/div>\n\t<div class=\"wpb_text_column wpb_content_element\" >\n\t\t<div class=\"wpb_wrapper\">\n\t\t\t<p style=\"text-align: left;\" class=\" translation-block\">\u0628\u0639\u062f \u0627\u0644\u062f\u0631\u0627\u0633\u0629 \u0648\u0627\u0644\u062a\u062d\u0644\u064a\u0644 \u0644\u0644\u0645\u0648\u0642\u0639\u060c \u0633\u0646\u0628\u062f\u0623 \u0628\u062a\u0635\u0645\u064a\u0645 \u0627\u0644\u062a\u062e\u0637\u064a\u0637 \u0648\u0639\u0645\u0644 \u0627\u0644\u062a\u0635\u0648\u0631.\n\u062a\u0642\u062f\u064a\u0631 \u0627\u0644\u0633\u0639\u0631 \u0648\u0639\u0631\u0636 \u0623\u0633\u0639\u0627\u0631 \u0645\u062c\u0627\u0646\u064a!<\/p>\n\n\t\t<\/div>\n\t<\/div>\n<div class=\"ba-empty-space\" style=\"\"><div class=\"ba_empty_space_lg\"  style=\"height: 0px\"><\/div><div class=\"ba_empty_space_md\"  style=\"height: 40px\"><\/div><div class=\"ba_empty_space_xs\"  style=\"height: 40px\"><\/div><\/div><\/div><\/div><\/div><div class=\"wpb_column vc_column_container vc_col-sm-6 vc_col-lg-4 vc_col-md-4 vc_col-xs-12\"><div class=\"vc_column-inner\"><div class=\"wpb_wrapper\"><h1 style=\"line-height: 1;text-align: left\" class=\"vc_custom_heading primary-color vc_custom_1708041131576\" >02.<\/h1><h2 style=\"font-size: 36px;line-height: 1;text-align: left\" class=\"vc_custom_heading vc_custom_1708002044256\" >\u062a\u0645\u064a\u0632<\/h2><div class=\"ba-empty-space\" style=\"\"><div class=\"ba_empty_space_lg\"  style=\"height: 23px\"><\/div><div class=\"ba_empty_space_md\"  style=\"height: 23px\"><\/div><div class=\"ba_empty_space_xs\"  style=\"height: 23px\"><\/div><\/div>\n\t<div class=\"wpb_text_column wpb_content_element\" >\n\t\t<div class=\"wpb_wrapper\">\n\t\t\t<p class=\" translation-block\">\u0625\u062e\u062a\u0631 \u0627\u0644\u062a\u0645\u064a\u0632 \u0644\u0645\u0634\u0631\u0648\u0639\u0643 \u0627\u0644\u0639\u0642\u0627\u0631\u064a. \u0628\u062f\u0621\u064b\u0627 \u0645\u0646 \u0627\u0644\u062a\u0635\u0645\u064a\u0645 \u0648\u062d\u062a\u0649 \u0627\u0644\u062a\u0633\u0644\u064a\u0645\u060c \u0627\u0633\u062a\u0641\u062f \u0645\u0646 \u062e\u062f\u0645\u0629 \u0627\u0644\u0639\u0645\u0644\u0627\u0621 \u0627\u0644\u0627\u0633\u062a\u062b\u0646\u0627\u0626\u064a\u0629 \u0648\u0627\u0644\u0645\u062a\u0627\u0628\u0639\u0629 \u0627\u0644\u0634\u062e\u0635\u064a\u0629 \u0641\u064a \u0643\u0644 \u0645\u0631\u062d\u0644\u0629<\/p>\n\n\t\t<\/div>\n\t<\/div>\n<div class=\"ba-empty-space\" style=\"\"><div class=\"ba_empty_space_lg\"  style=\"height: 0px\"><\/div><div class=\"ba_empty_space_md\"  style=\"height: 40px\"><\/div><div class=\"ba_empty_space_xs\"  style=\"height: 40px\"><\/div><\/div><\/div><\/div><\/div><div class=\"wpb_column vc_column_container vc_col-sm-6 vc_col-lg-4 vc_col-md-4 vc_col-xs-12\"><div class=\"vc_column-inner\"><div class=\"wpb_wrapper\"><h1 style=\"line-height: 1;text-align: left\" class=\"vc_custom_heading primary-color vc_custom_1708041168310\" >03.<\/h1><h2 style=\"font-size: 36px;line-height: 1;text-align: left\" class=\"vc_custom_heading vc_custom_1708001659001\" >\u062e\u0628\u0631\u0629<\/h2><div class=\"ba-empty-space\" style=\"\"><div class=\"ba_empty_space_lg\"  style=\"height: 23px\"><\/div><div class=\"ba_empty_space_md\"  style=\"height: 23px\"><\/div><div class=\"ba_empty_space_xs\"  style=\"height: 23px\"><\/div><\/div>\n\t<div class=\"wpb_text_column wpb_content_element\" >\n\t\t<div class=\"wpb_wrapper\">\n\t\t\t<p>\u062d\u0642\u0642 \u0623\u062d\u0644\u0627\u0645\u0643 \u0627\u0644\u0639\u0642\u0627\u0631\u064a\u0629. \u0628\u0641\u0636\u0644 \u062e\u0628\u0631\u062a\u0646\u0627 \u0627\u0644\u062a\u064a \u0644\u0627 \u0645\u062b\u064a\u0644 \u0644\u0647\u0627 \u0641\u064a \u0647\u0630\u0627 \u0627\u0644\u0642\u0637\u0627\u0639\u060c \u0646\u0642\u062f\u0645 \u0644\u0643 \u062d\u0644\u0648\u0644\u064b\u0627 \u0645\u0635\u0645\u0645\u0629 \u062e\u0635\u064a\u0635\u064b\u0627 \u0648\u062a\u0635\u0645\u064a\u0645\u0627\u062a \u0645\u0628\u062a\u0643\u0631\u0629 \u0648\u062c\u0648\u062f\u0629 \u0628\u0646\u0627\u0621 \u0627\u0633\u062a\u062b\u0646\u0627\u0626\u064a\u0629 \u0644\u0627\u0633\u062a\u062b\u0645\u0627\u0631 \u0622\u0645\u0646 \u0648\u0645\u0631\u0628\u062d.<\/p>\n\n\t\t<\/div>\n\t<\/div>\n<div class=\"ba-empty-space\" style=\"\"><div class=\"ba_empty_space_lg\"  style=\"height: 0px\"><\/div><div class=\"ba_empty_space_md\"  style=\"height: 40px\"><\/div><div class=\"ba_empty_space_xs\"  style=\"height: 40px\"><\/div><\/div><\/div><\/div><\/div><\/div><\/div><\/div><div class=\"vc_row wpb_row vc_row-fluid\"><div class=\"container\"><div class=\"row\"><div class=\"wpb_column vc_column_container vc_col-sm-12\"><div class=\"vc_column-inner\"><div class=\"wpb_wrapper\"><div class=\"ba-empty-space\" style=\"\"><div class=\"ba_empty_space_lg\"  style=\"height: 173px\"><\/div><div class=\"ba_empty_space_md\"  style=\"height: 100px\"><\/div><div class=\"ba_empty_space_xs\"  style=\"height: 60px\"><\/div><\/div><\/div><\/div><\/div><\/div><\/div><\/div><\/section><div class=\"vc_row-full-width vc_clearfix\"><\/div><section id=\"about\" data-vc-full-width=\"true\" data-vc-full-width-init=\"false\" class=\"vc_section\"><div class=\"vc_row wpb_row vc_row-fluid vc_custom_1516096498782 vc_row-has-fill parallax no-parallax-mobile\"><div class=\"container\"><div class=\"row\"><div class=\"wpb_column vc_column_container vc_col-sm-12\"><div class=\"vc_column-inner\"><div class=\"wpb_wrapper\"><div class=\"ba-empty-space\" style=\"\"><div class=\"ba_empty_space_lg\"  style=\"height: 205px\"><\/div><div class=\"ba_empty_space_md\"  style=\"height: 140px\"><\/div><div class=\"ba_empty_space_xs\"  style=\"height: 80px\"><\/div><\/div><div class=\"vc_row wpb_row vc_inner vc_row-fluid\"><div class=\"wpb_column vc_column_container vc_col-sm-12 vc_col-lg-5 vc_col-md-5 vc_col-xs-12\"><div class=\"vc_column-inner\"><div class=\"wpb_wrapper\">\n\t<div  class=\"wpb_single_image wpb_content_element vc_align_left\">\n\t\t\n\t\t<figure class=\"wpb_wrapper vc_figure\">\n\t\t\t<div class=\"vc_single_image-wrapper vc_box_border  vc_box_border_white\"><img loading=\"lazy\" decoding=\"async\" width=\"351\" height=\"183\" src=\"https:\/\/hncpromotion.com\/wp-content\/uploads\/2024\/02\/HNC-promotion-immobiliere_.png\" class=\"vc_single_image-img attachment-full\" alt=\"\" title=\"HNC-promotion-immobiliere_\" srcset=\"https:\/\/hncpromotion.com\/wp-content\/uploads\/2024\/02\/HNC-promotion-immobiliere_.png 351w, https:\/\/hncpromotion.com\/wp-content\/uploads\/2024\/02\/HNC-promotion-immobiliere_-300x156.png 300w\" sizes=\"auto, (max-width: 351px) 100vw, 351px\" \/><\/div>\n\t\t<\/figure>\n\t<\/div>\n<div class=\"ba-empty-space\" style=\"\"><div class=\"ba_empty_space_lg\"  style=\"height: 125px\"><\/div><div class=\"ba_empty_space_md\"  style=\"height: 80px\"><\/div><div class=\"ba_empty_space_xs\"  style=\"height: 60px\"><\/div><\/div><h2 style=\"font-size: 48px;color: #ffffff;line-height: 1;text-align: left;letter-spacing:-1.5px;;font-weight:300;\" class=\"vc_custom_heading ba-regular vc_custom_1708043769645\" >\u062d\u0642\u0642 \u0623\u062d\u0644\u0627\u0645\u0643 \u0628\u0641\u0636\u0644 \u062e\u0628\u0631\u062a\u0646\u0627<\/h2><h2 style=\"font-size: 48px;color: #ffffff;line-height: 1;text-align: left;letter-spacing:-1.5px;\" class=\"vc_custom_heading vc_custom_1708043835190\" ><\/p>\n<hr \/>\n<p>\u0627\u0644\u0631\u0636\u0627 \u0645\u0636\u0645\u0648\u0646<\/h2><div class=\"ba-empty-space\" style=\"\"><div class=\"ba_empty_space_lg\"  style=\"height: 0px\"><\/div><div class=\"ba_empty_space_md\"  style=\"height: 50px\"><\/div><div class=\"ba_empty_space_xs\"  style=\"height: 50px\"><\/div><\/div><\/div><\/div><\/div><div class=\"wpb_column vc_column_container vc_col-sm-12 vc_col-lg-7 vc_col-md-7 vc_col-xs-12\"><div class=\"vc_column-inner\"><div class=\"wpb_wrapper\"><h2 style=\"font-size: 60px;color: #ffffff;line-height: 1;text-align: left;letter-spacing:-1.5px;\" class=\"vc_custom_heading vc_custom_1708043969180\" >\u062a\u0634\u064a\u064a\u062f \u0627\u0644\u0645\u0628\u0627\u0646\u064a<br \/>\n\u0627\u0644\u062a\u064a \u062a\u062c\u0633\u062f<br \/>\n\u0627\u062d\u0644\u0627\u0645\u0643<\/h2><div class=\"ba-empty-space\" style=\"\"><div class=\"ba_empty_space_lg\"  style=\"height: 50px\"><\/div><div class=\"ba_empty_space_md\"  style=\"height: 50px\"><\/div><div class=\"ba_empty_space_xs\"  style=\"height: 50px\"><\/div><\/div>\n\t<div class=\"wpb_text_column wpb_content_element\" >\n\t\t<div class=\"wpb_wrapper\">\n\t\t\t<p><span style=\"color: #ffffff;\">\u0627\u062e\u062a\u0631 \u0627\u0644\u062b\u0642\u0629. \u0628\u0641\u0636\u0644 \u0633\u0645\u0639\u062a\u0646\u0627 \u0627\u0644\u0631\u0627\u0633\u062e\u0629 \u0648\u0627\u0644\u062a\u0632\u0627\u0645\u0646\u0627 \u0628\u0625\u0631\u0636\u0627\u0626\u0643\u060c \u0627\u0633\u062a\u0641\u062f \u0645\u0646 \u0627\u0644\u0646\u062a\u0627\u0626\u062c \u0627\u0644\u0627\u0633\u062a\u062b\u0646\u0627\u0626\u064a\u0629 \u0648\u0627\u0644\u062a\u062c\u0631\u0628\u0629 \u062f\u0648\u0646 \u0627\u0646\u062a\u0638\u0627\u0631<\/span><\/p>\n\n\t\t<\/div>\n\t<\/div>\n<div class=\"ba-empty-space\" style=\"\"><div class=\"ba_empty_space_lg\"  style=\"height: 180px\"><\/div><div class=\"ba_empty_space_md\"  style=\"height: 100px\"><\/div><div class=\"ba_empty_space_xs\"  style=\"height: 70px\"><\/div><\/div><div class=\"ba-counter columns-4 light-color\"><div class=\"list-counter\"><div class=\"counter-content col-xs-6 col-sm-12 col-md-3\"><div class=\"counter\"><span class=\"value\">7<\/span><\/div><h5 class=\"title\">\u0633\u0646\u0648\u0627\u062a \u062e\u0628\u0631\u0629 <\/h5><\/div><\/div><\/div><\/div><\/div><\/div><\/div><div class=\"ba-empty-space\" style=\"\"><div class=\"ba_empty_space_lg\"  style=\"height: 168px\"><\/div><div class=\"ba_empty_space_md\"  style=\"height: 100px\"><\/div><div class=\"ba_empty_space_xs\"  style=\"height: 70px\"><\/div><\/div><\/div><\/div><\/div><\/div><\/div><\/div><\/section><div class=\"vc_row-full-width vc_clearfix\"><\/div>\n<\/div>","protected":false},"excerpt":{"rendered":"\u00c0 PROPOS DE NOUS HNC PROMOTION IMMOBIL\u00c8RE\u00a0est une soci\u00e9t\u00e9 alg\u00e9rienne de droit s.a.rl Depuis sa cr\u00e9ation, notre soci\u00e9t\u00e9 s'engage \u00e0 transformer les r\u00eaves de nos clients en r\u00e9alit\u00e9. Avec une expertise solide et un engagement sans faille envers la Qualit\u00e9, nous sommes d\u00e9termin\u00e9s \u00e0 offrir des solutions immobili\u00e8res innovantes et adapt\u00e9es aux besoins de chacun. [...]","protected":false},"author":1,"featured_media":0,"parent":0,"menu_order":0,"comment_status":"closed","ping_status":"closed","template":"template-homepage.php","meta":{"footnotes":""},"class_list":["post-2394","page","type-page","status-publish","hentry","no-thumb"],"_links":{"self":[{"href":"https:\/\/hncpromotion.com\/ar\/wp-json\/wp\/v2\/pages\/2394","targetHints":{"allow":["GET"]}}],"collection":[{"href":"https:\/\/hncpromotion.com\/ar\/wp-json\/wp\/v2\/pages"}],"about":[{"href":"https:\/\/hncpromotion.com\/ar\/wp-json\/wp\/v2\/types\/page"}],"author":[{"embeddable":true,"href":"https:\/\/hncpromotion.com\/ar\/wp-json\/wp\/v2\/users\/1"}],"replies":[{"embeddable":true,"href":"https:\/\/hncpromotion.com\/ar\/wp-json\/wp\/v2\/comments?post=2394"}],"version-history":[{"count":8,"href":"https:\/\/hncpromotion.com\/ar\/wp-json\/wp\/v2\/pages\/2394\/revisions"}],"predecessor-version":[{"id":2567,"href":"https:\/\/hncpromotion.com\/ar\/wp-json\/wp\/v2\/pages\/2394\/revisions\/2567"}],"wp:attachment":[{"href":"https:\/\/hncpromotion.com\/ar\/wp-json\/wp\/v2\/media?parent=2394"}],"curies":[{"name":"wp","href":"https:\/\/api.w.org\/{rel}","templated":true}]}}